{"id":450,"date":"2023-03-28T18:42:00","date_gmt":"2023-03-28T16:42:00","guid":{"rendered":"https:\/\/www.sarceabogados.es\/?page_id=450"},"modified":"2024-01-12T10:37:54","modified_gmt":"2024-01-12T09:37:54","slug":"nosotros","status":"publish","type":"page","link":"https:\/\/www.sarceabogados.es\/en\/us\/","title":{"rendered":"About us"},"content":{"rendered":"<div data-elementor-type=\"wp-page\" data-elementor-id=\"450\" class=\"elementor elementor-450\" data-elementor-post-type=\"page\">\n\t\t\t\t\t\t<section class=\"elementor-section elementor-top-section elementor-element elementor-element-e0a47da elementor-section-full_width elementor-section-height-default elementor-section-height-default\" data-id=\"e0a47da\" data-element_type=\"section\">\n\t\t\t\t\t\t<div class=\"elementor-container elementor-column-gap-default\">\n\t\t\t\t\t<div class=\"elementor-column elementor-col-100 elementor-top-column elementor-element elementor-element-82494c7\" data-id=\"82494c7\" data-element_type=\"column\">\n\t\t\t<div class=\"elementor-widget-wrap elementor-element-populated\">\n\t\t\t\t\t\t<div class=\"elementor-element elementor-element-25bf377 elementor-widget__width-auto elementor-mobile-align-center elementor-widget-mobile__width-auto elementor-widget elementor-widget-breadcrumbs\" data-id=\"25bf377\" data-element_type=\"widget\" data-widget_type=\"breadcrumbs.default\">\n\t\t\t\t<div class=\"elementor-widget-container\">\n\t\t\t\t\t<p id=\"breadcrumbs\"><span><span><a href=\"https:\/\/www.sarceabogados.es\/en\">Start<\/a><\/span><\/span><\/p>\t\t\t\t<\/div>\n\t\t\t\t<\/div>\n\t\t\t\t<div class=\"elementor-element elementor-element-fcbbe78 elementor-invisible elementor-widget elementor-widget-heading\" data-id=\"fcbbe78\" data-element_type=\"widget\" data-settings=\"{&quot;_animation&quot;:&quot;fadeInUp&quot;}\" data-widget_type=\"heading.default\">\n\t\t\t\t<div class=\"elementor-widget-container\">\n\t\t\t\t\t<h1 class=\"elementor-heading-title elementor-size-default\">About us<\/h1>\t\t\t\t<\/div>\n\t\t\t\t<\/div>\n\t\t\t\t<div class=\"elementor-element elementor-element-51bef85 elementor-widget-divider--view-line elementor-widget elementor-widget-divider\" data-id=\"51bef85\" data-element_type=\"widget\" data-widget_type=\"divider.default\">\n\t\t\t\t<div class=\"elementor-widget-container\">\n\t\t\t\t\t\t\t<div class=\"elementor-divider\">\n\t\t\t<span class=\"elementor-divider-separator\">\n\t\t\t\t\t\t<\/span>\n\t\t<\/div>\n\t\t\t\t\t\t<\/div>\n\t\t\t\t<\/div>\n\t\t\t\t\t<\/div>\n\t\t<\/div>\n\t\t\t\t\t<\/div>\n\t\t<\/section>\n\t\t\t\t<section class=\"elementor-section elementor-top-section elementor-element elementor-element-220828d elementor-section-boxed elementor-section-height-default elementor-section-height-default\" data-id=\"220828d\" data-element_type=\"section\">\n\t\t\t\t\t\t<div class=\"elementor-container elementor-column-gap-default\">\n\t\t\t\t\t<div class=\"elementor-column elementor-col-100 elementor-top-column elementor-element elementor-element-00bdcac\" data-id=\"00bdcac\" data-element_type=\"column\">\n\t\t\t<div class=\"elementor-widget-wrap elementor-element-populated\">\n\t\t\t\t\t\t<div class=\"elementor-element elementor-element-d0d88be elementor-widget elementor-widget-image\" data-id=\"d0d88be\" data-element_type=\"widget\" data-widget_type=\"image.default\">\n\t\t\t\t<div class=\"elementor-widget-container\">\n\t\t\t\t\t\t\t\t\t\t\t\t\t\t\t<img fetchpriority=\"high\" decoding=\"async\" width=\"800\" height=\"351\" src=\"https:\/\/www.sarceabogados.es\/wp-content\/uploads\/2024\/01\/sarce0039-1024x449.jpeg\" class=\"attachment-large size-large wp-image-1136\" alt=\"\" srcset=\"https:\/\/www.sarceabogados.es\/wp-content\/uploads\/2024\/01\/sarce0039-1024x449.jpeg 1024w, https:\/\/www.sarceabogados.es\/wp-content\/uploads\/2024\/01\/sarce0039-300x132.jpeg 300w, https:\/\/www.sarceabogados.es\/wp-content\/uploads\/2024\/01\/sarce0039-768x337.jpeg 768w, https:\/\/www.sarceabogados.es\/wp-content\/uploads\/2024\/01\/sarce0039-1536x674.jpeg 1536w, https:\/\/www.sarceabogados.es\/wp-content\/uploads\/2024\/01\/sarce0039-18x8.jpeg 18w, https:\/\/www.sarceabogados.es\/wp-content\/uploads\/2024\/01\/sarce0039.jpeg 1920w\" sizes=\"(max-width: 800px) 100vw, 800px\" \/>\t\t\t\t\t\t\t\t\t\t\t\t\t\t\t<\/div>\n\t\t\t\t<\/div>\n\t\t\t\t<div class=\"elementor-element elementor-element-beaa7cd elementor-widget elementor-widget-text-editor\" data-id=\"beaa7cd\" data-element_type=\"widget\" data-widget_type=\"text-editor.default\">\n\t\t\t\t<div class=\"elementor-widget-container\">\n\t\t\t\t\t\t\t\t\t<p>With a consolidated track record and unwavering commitment, in<b> Sarce Lawyers<\/b>, our team of highly trained lawyers works tirelessly to safeguard your rights and find effective solutions.<\/p><p>Explore this section to discover our history rooted in Oviedo, our core values and our unique vision. Immerse yourself in the knowledge of our dedicated team and how we approach each case with a personalized approach.<\/p><p>We welcome you to Sarce Abogados, where you will find the right choice for solid legal representation and passionate defense of your interests. <b>Welcome to our world of justice and commitment in the heart of Oviedo!<\/b><\/p>\t\t\t\t\t\t\t\t<\/div>\n\t\t\t\t<\/div>\n\t\t\t\t\t<\/div>\n\t\t<\/div>\n\t\t\t\t\t<\/div>\n\t\t<\/section>\n\t\t\t\t<section class=\"elementor-section elementor-top-section elementor-element elementor-element-f4a4719 elementor-section-boxed elementor-section-height-default elementor-section-height-default\" data-id=\"f4a4719\" data-element_type=\"section\">\n\t\t\t\t\t\t<div class=\"elementor-container elementor-column-gap-default\">\n\t\t\t\t\t<div class=\"elementor-column elementor-col-100 elementor-top-column elementor-element elementor-element-ca74e22\" data-id=\"ca74e22\" data-element_type=\"column\">\n\t\t\t<div class=\"elementor-widget-wrap elementor-element-populated\">\n\t\t\t\t\t\t<div class=\"elementor-element elementor-element-b0a4c6e elementor-align-center elementor-widget elementor-widget-button\" data-id=\"b0a4c6e\" data-element_type=\"widget\" data-widget_type=\"button.default\">\n\t\t\t\t<div class=\"elementor-widget-container\">\n\t\t\t\t\t\t\t\t\t<div class=\"elementor-button-wrapper\">\n\t\t\t\t\t<a class=\"elementor-button elementor-button-link elementor-size-md elementor-animation-grow\" href=\"https:\/\/www.sarceabogados.es\/en\/contact\/\">\n\t\t\t\t\t\t<span class=\"elementor-button-content-wrapper\">\n\t\t\t\t\t\t\t\t\t<span class=\"elementor-button-text\">Ask for more information<\/span>\n\t\t\t\t\t<\/span>\n\t\t\t\t\t<\/a>\n\t\t\t\t<\/div>\n\t\t\t\t\t\t\t\t<\/div>\n\t\t\t\t<\/div>\n\t\t\t\t\t<\/div>\n\t\t<\/div>\n\t\t\t\t\t<\/div>\n\t\t<\/section>\n\t\t\t\t<\/div>","protected":false},"excerpt":{"rendered":"<p>Sobre nosotros Con una trayectoria consolidada y un compromiso inquebrantable, en Sarce Abogados, nuestro equipo de juristas altamente capacitados trabaja incansablemente para salvaguardar tus derechos y encontrar soluciones efectivas. Explora esta secci\u00f3n para descubrir nuestra historia arraigada en Oviedo, nuestros valores fundamentales y nuestra visi\u00f3n \u00fanica. Sum\u00e9rgete en el conocimiento de nuestro dedicado equipo y [&hellip;]<\/p>","protected":false},"author":4,"featured_media":1072,"parent":0,"menu_order":7,"comment_status":"closed","ping_status":"closed","template":"elementor_header_footer","meta":{"footnotes":""},"class_list":["post-450","page","type-page","status-publish","has-post-thumbnail","hentry"],"yoast_head":"<!-- This site is optimized with the Yoast SEO plugin v24.4 - https:\/\/yoast.com\/wordpress\/plugins\/seo\/ -->\n<title>Sobre nosotros | Sarce Abogados<\/title>\n<meta name=\"description\" content=\"Queremos que nos conozcas mejor, as\u00ed que explora esta secci\u00f3n y si\u00e9ntete libre de contactarnos y preguntarnos tus dudas.\" \/>\n<meta name=\"robots\" content=\"index, follow, max-snippet:-1, max-image-preview:large, max-video-preview:-1\" \/>\n<link rel=\"canonical\" href=\"https:\/\/www.sarceabogados.es\/en\/us\/\" \/>\n<meta property=\"og:locale\" content=\"en_US\" \/>\n<meta property=\"og:type\" content=\"article\" \/>\n<meta property=\"og:title\" content=\"Sobre nosotros | Sarce Abogados\" \/>\n<meta property=\"og:description\" content=\"Queremos que nos conozcas mejor, as\u00ed que explora esta secci\u00f3n y si\u00e9ntete libre de contactarnos y preguntarnos tus dudas.\" \/>\n<meta property=\"og:url\" content=\"https:\/\/www.sarceabogados.es\/en\/us\/\" \/>\n<meta property=\"og:site_name\" content=\"Sarce Abogados\" \/>\n<meta property=\"article:modified_time\" content=\"2024-01-12T09:37:54+00:00\" \/>\n<meta property=\"og:image\" content=\"https:\/\/www.sarceabogados.es\/wp-content\/uploads\/2023\/08\/sin-imagen-destacada-1024x658.png\" \/>\n\t<meta property=\"og:image:width\" content=\"1024\" \/>\n\t<meta property=\"og:image:height\" content=\"658\" \/>\n\t<meta property=\"og:image:type\" content=\"image\/png\" \/>\n<meta name=\"twitter:card\" content=\"summary_large_image\" \/>\n<script type=\"application\/ld+json\" class=\"yoast-schema-graph\">{\"@context\":\"https:\/\/schema.org\",\"@graph\":[{\"@type\":\"WebPage\",\"@id\":\"https:\/\/www.sarceabogados.es\/nosotros\/\",\"url\":\"https:\/\/www.sarceabogados.es\/nosotros\/\",\"name\":\"Sobre nosotros | Sarce Abogados\",\"isPartOf\":{\"@id\":\"https:\/\/www.sarceabogados.es\/#website\"},\"primaryImageOfPage\":{\"@id\":\"https:\/\/www.sarceabogados.es\/nosotros\/#primaryimage\"},\"image\":{\"@id\":\"https:\/\/www.sarceabogados.es\/nosotros\/#primaryimage\"},\"thumbnailUrl\":\"https:\/\/www.sarceabogados.es\/wp-content\/uploads\/2023\/08\/sin-imagen-destacada.png\",\"datePublished\":\"2023-03-28T16:42:00+00:00\",\"dateModified\":\"2024-01-12T09:37:54+00:00\",\"description\":\"Queremos que nos conozcas mejor, as\u00ed que explora esta secci\u00f3n y si\u00e9ntete libre de contactarnos y preguntarnos tus dudas.\",\"breadcrumb\":{\"@id\":\"https:\/\/www.sarceabogados.es\/nosotros\/#breadcrumb\"},\"inLanguage\":\"en-US\",\"potentialAction\":[{\"@type\":\"ReadAction\",\"target\":[\"https:\/\/www.sarceabogados.es\/nosotros\/\"]}]},{\"@type\":\"ImageObject\",\"inLanguage\":\"en-US\",\"@id\":\"https:\/\/www.sarceabogados.es\/nosotros\/#primaryimage\",\"url\":\"https:\/\/www.sarceabogados.es\/wp-content\/uploads\/2023\/08\/sin-imagen-destacada.png\",\"contentUrl\":\"https:\/\/www.sarceabogados.es\/wp-content\/uploads\/2023\/08\/sin-imagen-destacada.png\",\"width\":1920,\"height\":1235,\"caption\":\"Sin imagen destacada\"},{\"@type\":\"BreadcrumbList\",\"@id\":\"https:\/\/www.sarceabogados.es\/nosotros\/#breadcrumb\",\"itemListElement\":[{\"@type\":\"ListItem\",\"position\":1,\"name\":\"Inicio\",\"item\":\"https:\/\/www.sarceabogados.es\/\"},{\"@type\":\"ListItem\",\"position\":2,\"name\":\"Sobre nosotros\"}]},{\"@type\":\"WebSite\",\"@id\":\"https:\/\/www.sarceabogados.es\/#website\",\"url\":\"https:\/\/www.sarceabogados.es\/\",\"name\":\"Sarce Abogados\",\"description\":\"Su abogado de confianza\",\"publisher\":{\"@id\":\"https:\/\/www.sarceabogados.es\/#organization\"},\"potentialAction\":[{\"@type\":\"SearchAction\",\"target\":{\"@type\":\"EntryPoint\",\"urlTemplate\":\"https:\/\/www.sarceabogados.es\/?s={search_term_string}\"},\"query-input\":{\"@type\":\"PropertyValueSpecification\",\"valueRequired\":true,\"valueName\":\"search_term_string\"}}],\"inLanguage\":\"en-US\"},{\"@type\":\"Organization\",\"@id\":\"https:\/\/www.sarceabogados.es\/#organization\",\"name\":\"Sarce Abogados\",\"url\":\"https:\/\/www.sarceabogados.es\/\",\"logo\":{\"@type\":\"ImageObject\",\"inLanguage\":\"en-US\",\"@id\":\"https:\/\/www.sarceabogados.es\/#\/schema\/logo\/image\/\",\"url\":\"https:\/\/www.sarceabogados.es\/wp-content\/uploads\/2023\/03\/recurso-102a.svg\",\"contentUrl\":\"https:\/\/www.sarceabogados.es\/wp-content\/uploads\/2023\/03\/recurso-102a.svg\",\"width\":198,\"height\":311,\"caption\":\"Sarce Abogados\"},\"image\":{\"@id\":\"https:\/\/www.sarceabogados.es\/#\/schema\/logo\/image\/\"}}]}<\/script>\n<!-- \/ Yoast SEO plugin. -->","yoast_head_json":{"title":"Sobre nosotros | Sarce Abogados","description":"Queremos que nos conozcas mejor, as\u00ed que explora esta secci\u00f3n y si\u00e9ntete libre de contactarnos y preguntarnos tus dudas.","robots":{"index":"index","follow":"follow","max-snippet":"max-snippet:-1","max-image-preview":"max-image-preview:large","max-video-preview":"max-video-preview:-1"},"canonical":"https:\/\/www.sarceabogados.es\/en\/us\/","og_locale":"en_US","og_type":"article","og_title":"Sobre nosotros | Sarce Abogados","og_description":"Queremos que nos conozcas mejor, as\u00ed que explora esta secci\u00f3n y si\u00e9ntete libre de contactarnos y preguntarnos tus dudas.","og_url":"https:\/\/www.sarceabogados.es\/en\/us\/","og_site_name":"Sarce Abogados","article_modified_time":"2024-01-12T09:37:54+00:00","og_image":[{"width":1024,"height":658,"url":"https:\/\/www.sarceabogados.es\/wp-content\/uploads\/2023\/08\/sin-imagen-destacada-1024x658.png","type":"image\/png"}],"twitter_card":"summary_large_image","schema":{"@context":"https:\/\/schema.org","@graph":[{"@type":"WebPage","@id":"https:\/\/www.sarceabogados.es\/nosotros\/","url":"https:\/\/www.sarceabogados.es\/nosotros\/","name":"Sobre nosotros | Sarce Abogados","isPartOf":{"@id":"https:\/\/www.sarceabogados.es\/#website"},"primaryImageOfPage":{"@id":"https:\/\/www.sarceabogados.es\/nosotros\/#primaryimage"},"image":{"@id":"https:\/\/www.sarceabogados.es\/nosotros\/#primaryimage"},"thumbnailUrl":"https:\/\/www.sarceabogados.es\/wp-content\/uploads\/2023\/08\/sin-imagen-destacada.png","datePublished":"2023-03-28T16:42:00+00:00","dateModified":"2024-01-12T09:37:54+00:00","description":"Queremos que nos conozcas mejor, as\u00ed que explora esta secci\u00f3n y si\u00e9ntete libre de contactarnos y preguntarnos tus dudas.","breadcrumb":{"@id":"https:\/\/www.sarceabogados.es\/nosotros\/#breadcrumb"},"inLanguage":"en-US","potentialAction":[{"@type":"ReadAction","target":["https:\/\/www.sarceabogados.es\/nosotros\/"]}]},{"@type":"ImageObject","inLanguage":"en-US","@id":"https:\/\/www.sarceabogados.es\/nosotros\/#primaryimage","url":"https:\/\/www.sarceabogados.es\/wp-content\/uploads\/2023\/08\/sin-imagen-destacada.png","contentUrl":"https:\/\/www.sarceabogados.es\/wp-content\/uploads\/2023\/08\/sin-imagen-destacada.png","width":1920,"height":1235,"caption":"Sin imagen destacada"},{"@type":"BreadcrumbList","@id":"https:\/\/www.sarceabogados.es\/nosotros\/#breadcrumb","itemListElement":[{"@type":"ListItem","position":1,"name":"Inicio","item":"https:\/\/www.sarceabogados.es\/"},{"@type":"ListItem","position":2,"name":"Sobre nosotros"}]},{"@type":"WebSite","@id":"https:\/\/www.sarceabogados.es\/#website","url":"https:\/\/www.sarceabogados.es\/","name":"Sarce Abogados","description":"Su abogado de confianza","publisher":{"@id":"https:\/\/www.sarceabogados.es\/#organization"},"potentialAction":[{"@type":"SearchAction","target":{"@type":"EntryPoint","urlTemplate":"https:\/\/www.sarceabogados.es\/?s={search_term_string}"},"query-input":{"@type":"PropertyValueSpecification","valueRequired":true,"valueName":"search_term_string"}}],"inLanguage":"en-US"},{"@type":"Organization","@id":"https:\/\/www.sarceabogados.es\/#organization","name":"Sarce Abogados","url":"https:\/\/www.sarceabogados.es\/","logo":{"@type":"ImageObject","inLanguage":"en-US","@id":"https:\/\/www.sarceabogados.es\/#\/schema\/logo\/image\/","url":"https:\/\/www.sarceabogados.es\/wp-content\/uploads\/2023\/03\/recurso-102a.svg","contentUrl":"https:\/\/www.sarceabogados.es\/wp-content\/uploads\/2023\/03\/recurso-102a.svg","width":198,"height":311,"caption":"Sarce Abogados"},"image":{"@id":"https:\/\/www.sarceabogados.es\/#\/schema\/logo\/image\/"}}]}},"_links":{"self":[{"href":"https:\/\/www.sarceabogados.es\/en\/wp-json\/wp\/v2\/pages\/450","targetHints":{"allow":["GET"]}}],"collection":[{"href":"https:\/\/www.sarceabogados.es\/en\/wp-json\/wp\/v2\/pages"}],"about":[{"href":"https:\/\/www.sarceabogados.es\/en\/wp-json\/wp\/v2\/types\/page"}],"author":[{"embeddable":true,"href":"https:\/\/www.sarceabogados.es\/en\/wp-json\/wp\/v2\/users\/4"}],"replies":[{"embeddable":true,"href":"https:\/\/www.sarceabogados.es\/en\/wp-json\/wp\/v2\/comments?post=450"}],"version-history":[{"count":5,"href":"https:\/\/www.sarceabogados.es\/en\/wp-json\/wp\/v2\/pages\/450\/revisions"}],"predecessor-version":[{"id":1204,"href":"https:\/\/www.sarceabogados.es\/en\/wp-json\/wp\/v2\/pages\/450\/revisions\/1204"}],"wp:featuredmedia":[{"embeddable":true,"href":"https:\/\/www.sarceabogados.es\/en\/wp-json\/wp\/v2\/media\/1072"}],"wp:attachment":[{"href":"https:\/\/www.sarceabogados.es\/en\/wp-json\/wp\/v2\/media?parent=450"}],"curies":[{"name":"wp","href":"https:\/\/api.w.org\/{rel}","templated":true}]}}